{"id":30493,"date":"2020-09-29T19:45:53","date_gmt":"2020-09-29T17:45:53","guid":{"rendered":"https:\/\/shop.auderset.com\/?post_type=product&#038;p=30493"},"modified":"2025-11-18T13:27:11","modified_gmt":"2025-11-18T12:27:11","slug":"3-cartes-postales-rendez-vous-dans-la-foret-3","status":"publish","type":"product","link":"https:\/\/shop.auderset.com\/de\/produit\/3-cartes-postales-rendez-vous-dans-la-foret-3\/","title":{"rendered":"3 Cartes Postales &#8211; Rendez-vous dans la for\u00eat 3"},"content":{"rendered":"<p><strong>Cartes postales &#8211; Rendez-vous dans la for\u00eat 3<\/strong><\/p>\n<p>Ecrire un mot \u00e0 vos proches ou les collectionner, \u00e0 vous de choisir ce que vous voulez en faire.<\/p>\n<p>Les trois cartes repr\u00e9sentent la couverture de Rendez-vous dans la for\u00eat 3.<\/p>\n<p>&nbsp;<\/p>\n","protected":false},"excerpt":{"rendered":"<p>Cartes postales &#8211; Rendez-vous dans la for\u00eat 3 Ecrire un mot \u00e0 vos proches ou les collectionner, \u00e0 vous de choisir ce que vous voulez en faire. Les trois cartes repr\u00e9sentent la couverture de Rendez-vous dans la for\u00eat 3. &nbsp;<\/p>\n","protected":false},"featured_media":32816,"comment_status":"open","ping_status":"closed","template":"","meta":[],"product_brand":[],"product_cat":[164],"product_tag":[],"class_list":{"0":"post-30493","1":"product","2":"type-product","3":"status-publish","4":"has-post-thumbnail","6":"product_cat-carte-postale","7":"product_shipping_class-livraison-suisse","8":"pa_prix-cartes-prix-normal-5-chf-3-eur","9":"pa_prix-cartes-prix-soutien-75-chf-45-eur","10":"pa_prix-cartes-prix-super-soutien-10-chf-6-eur","12":"first","13":"outofstock","14":"taxable","15":"shipping-taxable","16":"purchasable","17":"product-type-variable"},"_links":{"self":[{"href":"https:\/\/shop.auderset.com\/de\/wp-json\/wp\/v2\/product\/30493","targetHints":{"allow":["GET"]}}],"collection":[{"href":"https:\/\/shop.auderset.com\/de\/wp-json\/wp\/v2\/product"}],"about":[{"href":"https:\/\/shop.auderset.com\/de\/wp-json\/wp\/v2\/types\/product"}],"replies":[{"embeddable":true,"href":"https:\/\/shop.auderset.com\/de\/wp-json\/wp\/v2\/comments?post=30493"}],"wp:featuredmedia":[{"embeddable":true,"href":"https:\/\/shop.auderset.com\/de\/wp-json\/wp\/v2\/media\/32816"}],"wp:attachment":[{"href":"https:\/\/shop.auderset.com\/de\/wp-json\/wp\/v2\/media?parent=30493"}],"wp:term":[{"taxonomy":"product_brand","embeddable":true,"href":"https:\/\/shop.auderset.com\/de\/wp-json\/wp\/v2\/product_brand?post=30493"},{"taxonomy":"product_cat","embeddable":true,"href":"https:\/\/shop.auderset.com\/de\/wp-json\/wp\/v2\/product_cat?post=30493"},{"taxonomy":"product_tag","embeddable":true,"href":"https:\/\/shop.auderset.com\/de\/wp-json\/wp\/v2\/product_tag?post=30493"}],"curies":[{"name":"wp","href":"https:\/\/api.w.org\/{rel}","templated":true}]}}