{"id":30409,"date":"2020-09-22T19:08:21","date_gmt":"2020-09-22T17:08:21","guid":{"rendered":"https:\/\/shop.auderset.com\/?post_type=product&#038;p=30409"},"modified":"2025-03-12T17:42:15","modified_gmt":"2025-03-12T16:42:15","slug":"ach-du-lieber-himmel-2-de","status":"publish","type":"product","link":"https:\/\/shop.auderset.com\/de\/produit\/ach-du-lieber-himmel-2-de\/","title":{"rendered":"Ach du lieber Himmel 2 (Allemand)"},"content":{"rendered":"<p>Le principe de se fixer sur des sujets qui sont sans importance pour mieux oublier les vraies questions n\u2019a pas chang\u00e9 depuis l&#8217;antiquit\u00e9. \u00ab Id\u00e9es Re\u00e7ues 2 \u00bb nous ram\u00e8ne \u00e0 une r\u00e9alit\u00e9 qui fait parfois mal.<\/p>\n<p>Que ce soit, une remise en question sur le sens de la vie, une psychanalyse sur les couples en difficult\u00e9 ou l\u2019humour de Dieu, tout est pr\u00e9sent\u00e9 avec force graphique et pr\u00e9cision d\u2019horloger.<\/p>\n","protected":false},"excerpt":{"rendered":"<p>Le principe de se fixer sur des sujets qui sont sans importance pour mieux oublier les vraies questions n\u2019a pas chang\u00e9 depuis l&#8217;antiquit\u00e9. \u00ab Id\u00e9es Re\u00e7ues 2 \u00bb nous ram\u00e8ne \u00e0 une r\u00e9alit\u00e9 qui fait parfois mal. Que ce soit, une remise en question sur le sens de la vie, une psychanalyse sur les couples [&hellip;]<\/p>\n","protected":false},"featured_media":29760,"comment_status":"open","ping_status":"closed","template":"","meta":[],"product_brand":[],"product_cat":[159,88,137],"product_tag":[],"class_list":{"0":"post-30409","1":"product","2":"type-product","3":"status-publish","4":"has-post-thumbnail","6":"product_cat-allemand","7":"product_cat-bandes-dessinees","8":"product_cat-idees-recues","9":"pa_prix-bandes-dessinees-prix-normal-24-chf-18-eur","10":"pa_prix-bandes-dessinees-prix-soutien-36-chf-27-eur","11":"pa_prix-bandes-dessinees-prix-super-soutien-48-chf-36-eur","13":"first","14":"instock","15":"taxable","16":"shipping-taxable","17":"purchasable","18":"product-type-variable"},"_links":{"self":[{"href":"https:\/\/shop.auderset.com\/de\/wp-json\/wp\/v2\/product\/30409","targetHints":{"allow":["GET"]}}],"collection":[{"href":"https:\/\/shop.auderset.com\/de\/wp-json\/wp\/v2\/product"}],"about":[{"href":"https:\/\/shop.auderset.com\/de\/wp-json\/wp\/v2\/types\/product"}],"replies":[{"embeddable":true,"href":"https:\/\/shop.auderset.com\/de\/wp-json\/wp\/v2\/comments?post=30409"}],"wp:featuredmedia":[{"embeddable":true,"href":"https:\/\/shop.auderset.com\/de\/wp-json\/wp\/v2\/media\/29760"}],"wp:attachment":[{"href":"https:\/\/shop.auderset.com\/de\/wp-json\/wp\/v2\/media?parent=30409"}],"wp:term":[{"taxonomy":"product_brand","embeddable":true,"href":"https:\/\/shop.auderset.com\/de\/wp-json\/wp\/v2\/product_brand?post=30409"},{"taxonomy":"product_cat","embeddable":true,"href":"https:\/\/shop.auderset.com\/de\/wp-json\/wp\/v2\/product_cat?post=30409"},{"taxonomy":"product_tag","embeddable":true,"href":"https:\/\/shop.auderset.com\/de\/wp-json\/wp\/v2\/product_tag?post=30409"}],"curies":[{"name":"wp","href":"https:\/\/api.w.org\/{rel}","templated":true}]}}