{"id":30397,"date":"2020-09-22T18:18:16","date_gmt":"2020-09-22T16:18:16","guid":{"rendered":"https:\/\/shop.auderset.com\/?post_type=product&#038;p=30397"},"modified":"2023-10-02T14:21:14","modified_gmt":"2023-10-02T12:21:14","slug":"marcel-3-edition-collector","status":"publish","type":"product","link":"https:\/\/shop.auderset.com\/de\/produit\/marcel-3-edition-collector\/","title":{"rendered":"Marcel 3 (\u00e9dition Collector)"},"content":{"rendered":"<p><span style=\"font-family: arial,helvetica,sans-serif; font-size: 10pt;\">Ce dernier ouvrage est dans la droite lign\u00e9e de &#8222;Marcel 1&#8220; : une suite de gags courts et percutants.<\/span><\/p>\n<p>&nbsp;<\/p>\n<p><span style=\"font-family: arial,helvetica,sans-serif; font-size: 10pt;\">L&#8217;auteur y aborde les probl\u00e8mes relationnels (en particulier au sein du couple) et ceux du quotidien. On d\u00e9couvre aussi qu&#8217;il existe tout un monde spirituel et po\u00e9tique que l&#8217;on peut appr\u00e9hender en changeant notre fa\u00e7on de voir.<\/span><\/p>\n<p>&nbsp;<\/p>\n","protected":false},"excerpt":{"rendered":"<p>Ce dernier ouvrage est dans la droite lign\u00e9e de &#8222;Marcel 1&#8220; : une suite de gags courts et percutants. &nbsp; L&#8217;auteur y aborde les probl\u00e8mes relationnels (en particulier au sein du couple) et ceux du quotidien. On d\u00e9couvre aussi qu&#8217;il existe tout un monde spirituel et po\u00e9tique que l&#8217;on peut appr\u00e9hender en changeant notre fa\u00e7on [&hellip;]<\/p>\n","protected":false},"featured_media":30431,"comment_status":"open","ping_status":"closed","template":"","meta":[],"product_brand":[],"product_cat":[138,165],"product_tag":[],"class_list":{"0":"post-30397","1":"product","2":"type-product","3":"status-publish","4":"has-post-thumbnail","6":"product_cat-collectors","7":"product_cat-marcel-collectors","8":"product_shipping_class-livraison-gratuite","9":"pa_prix-collectors-prix-normal-200-chf-180-eur","10":"pa_prix-collectors-prix-soutien-300-chf-270-eur","11":"pa_prix-collectors-prix-super-soutien-400-chf-360-eur","13":"first","14":"instock","15":"taxable","16":"shipping-taxable","17":"purchasable","18":"product-type-variable"},"_links":{"self":[{"href":"https:\/\/shop.auderset.com\/de\/wp-json\/wp\/v2\/product\/30397","targetHints":{"allow":["GET"]}}],"collection":[{"href":"https:\/\/shop.auderset.com\/de\/wp-json\/wp\/v2\/product"}],"about":[{"href":"https:\/\/shop.auderset.com\/de\/wp-json\/wp\/v2\/types\/product"}],"replies":[{"embeddable":true,"href":"https:\/\/shop.auderset.com\/de\/wp-json\/wp\/v2\/comments?post=30397"}],"wp:featuredmedia":[{"embeddable":true,"href":"https:\/\/shop.auderset.com\/de\/wp-json\/wp\/v2\/media\/30431"}],"wp:attachment":[{"href":"https:\/\/shop.auderset.com\/de\/wp-json\/wp\/v2\/media?parent=30397"}],"wp:term":[{"taxonomy":"product_brand","embeddable":true,"href":"https:\/\/shop.auderset.com\/de\/wp-json\/wp\/v2\/product_brand?post=30397"},{"taxonomy":"product_cat","embeddable":true,"href":"https:\/\/shop.auderset.com\/de\/wp-json\/wp\/v2\/product_cat?post=30397"},{"taxonomy":"product_tag","embeddable":true,"href":"https:\/\/shop.auderset.com\/de\/wp-json\/wp\/v2\/product_tag?post=30397"}],"curies":[{"name":"wp","href":"https:\/\/api.w.org\/{rel}","templated":true}]}}