{"id":30298,"date":"2020-09-20T17:52:21","date_gmt":"2020-09-20T15:52:21","guid":{"rendered":"https:\/\/shop.auderset.com\/?post_type=product&#038;p=30298"},"modified":"2026-03-30T17:00:03","modified_gmt":"2026-03-30T15:00:03","slug":"robi-allemand","status":"publish","type":"product","link":"https:\/\/shop.auderset.com\/de\/produit\/robi-allemand\/","title":{"rendered":"Robi (allemand)"},"content":{"rendered":"<p>C\u2019est l\u2019histoire \u00e0 la fois dr\u00f4le et \u00e9mouvante d\u2019un robot dont le quotidien ressemble \u00e0 celui de millions d\u2019\u00eatres humains : \u00abm\u00e9tro, boulot, dodo \u00bb.<\/p>\n<p>Pour agr\u00e9menter cette vie tr\u00e9pidante, Robi passe ses week-ends \u00e0 faire la f\u00eate.<\/p>\n<p>Un jour, devant sa glace, il mesure l\u2019ab\u00eeme qui le s\u00e9pare de la r\u00e9alit\u00e9.<\/p>\n","protected":false},"excerpt":{"rendered":"<p>C\u2019est l\u2019histoire \u00e0 la fois dr\u00f4le et \u00e9mouvante d\u2019un robot dont le quotidien ressemble \u00e0 celui de millions d\u2019\u00eatres humains : \u00abm\u00e9tro, boulot, dodo \u00bb. Pour agr\u00e9menter cette vie tr\u00e9pidante, Robi passe ses week-ends \u00e0 faire la f\u00eate. Un jour, devant sa glace, il mesure l\u2019ab\u00eeme qui le s\u00e9pare de la r\u00e9alit\u00e9.<\/p>\n","protected":false},"featured_media":29768,"comment_status":"open","ping_status":"closed","template":"","meta":[],"product_brand":[],"product_cat":[159,88,148],"product_tag":[],"class_list":{"0":"post-30298","1":"product","2":"type-product","3":"status-publish","4":"has-post-thumbnail","6":"product_cat-allemand","7":"product_cat-bandes-dessinees","8":"product_cat-robi","9":"pa_prix-bandes-dessinees-prix-normal-24-chf-18-eur","10":"pa_prix-bandes-dessinees-prix-soutien-36-chf-27-eur","11":"pa_prix-bandes-dessinees-prix-super-soutien-48-chf-36-eur","13":"first","14":"instock","15":"taxable","16":"shipping-taxable","17":"purchasable","18":"product-type-variable"},"_links":{"self":[{"href":"https:\/\/shop.auderset.com\/de\/wp-json\/wp\/v2\/product\/30298","targetHints":{"allow":["GET"]}}],"collection":[{"href":"https:\/\/shop.auderset.com\/de\/wp-json\/wp\/v2\/product"}],"about":[{"href":"https:\/\/shop.auderset.com\/de\/wp-json\/wp\/v2\/types\/product"}],"replies":[{"embeddable":true,"href":"https:\/\/shop.auderset.com\/de\/wp-json\/wp\/v2\/comments?post=30298"}],"wp:featuredmedia":[{"embeddable":true,"href":"https:\/\/shop.auderset.com\/de\/wp-json\/wp\/v2\/media\/29768"}],"wp:attachment":[{"href":"https:\/\/shop.auderset.com\/de\/wp-json\/wp\/v2\/media?parent=30298"}],"wp:term":[{"taxonomy":"product_brand","embeddable":true,"href":"https:\/\/shop.auderset.com\/de\/wp-json\/wp\/v2\/product_brand?post=30298"},{"taxonomy":"product_cat","embeddable":true,"href":"https:\/\/shop.auderset.com\/de\/wp-json\/wp\/v2\/product_cat?post=30298"},{"taxonomy":"product_tag","embeddable":true,"href":"https:\/\/shop.auderset.com\/de\/wp-json\/wp\/v2\/product_tag?post=30298"}],"curies":[{"name":"wp","href":"https:\/\/api.w.org\/{rel}","templated":true}]}}