{"id":30266,"date":"2020-09-21T13:34:55","date_gmt":"2020-09-21T11:34:55","guid":{"rendered":"https:\/\/shop.auderset.com\/?post_type=product&#038;p=30266"},"modified":"2024-04-15T13:37:40","modified_gmt":"2024-04-15T11:37:40","slug":"carte-postale-si-differents","status":"publish","type":"product","link":"https:\/\/shop.auderset.com\/de\/produit\/carte-postale-si-differents\/","title":{"rendered":"Carte postale &#8222;Si diff\u00e9rents\u201d"},"content":{"rendered":"<p>Tir\u00e9 de &#8220; Id\u00e9es re\u00e7ues 2 &#8222;, fond rose avec dessin en blanc.<\/p>\n<p>Rigolo mais profond. Les conjoints ne sont souvent pas pareisl dans leur caract\u00e8re. Plut\u00f4t que de vivre cela comme un obstacle, ce dessin nous invite \u00e0 le voir comme une compl\u00e9mentarit\u00e9.<\/p>\n<p>A envoyer pour la St-Valentin, mariage ou juste comme piq\u00fbre de rapel.<\/p>\n","protected":false},"excerpt":{"rendered":"<p>Tir\u00e9 de &#8220; Id\u00e9es re\u00e7ues 2 &#8222;, fond rose avec dessin en blanc. Rigolo mais profond. Les conjoints ne sont souvent pas pareisl dans leur caract\u00e8re. Plut\u00f4t que de vivre cela comme un obstacle, ce dessin nous invite \u00e0 le voir comme une compl\u00e9mentarit\u00e9. A envoyer pour la St-Valentin, mariage ou juste comme piq\u00fbre de [&hellip;]<\/p>\n","protected":false},"featured_media":29889,"comment_status":"open","ping_status":"closed","template":"","meta":[],"product_brand":[],"product_cat":[164],"product_tag":[],"class_list":{"0":"post-30266","1":"product","2":"type-product","3":"status-publish","4":"has-post-thumbnail","6":"product_cat-carte-postale","7":"pa_prix-carte-postale-prix-normal-150-chf-120-eur","8":"pa_prix-carte-postale-prix-soutien-220-chf-180-eur","9":"pa_prix-carte-postale-prix-super-soutien-3-chf-24-eur","11":"first","12":"instock","13":"taxable","14":"shipping-taxable","15":"purchasable","16":"product-type-variable"},"_links":{"self":[{"href":"https:\/\/shop.auderset.com\/de\/wp-json\/wp\/v2\/product\/30266","targetHints":{"allow":["GET"]}}],"collection":[{"href":"https:\/\/shop.auderset.com\/de\/wp-json\/wp\/v2\/product"}],"about":[{"href":"https:\/\/shop.auderset.com\/de\/wp-json\/wp\/v2\/types\/product"}],"replies":[{"embeddable":true,"href":"https:\/\/shop.auderset.com\/de\/wp-json\/wp\/v2\/comments?post=30266"}],"wp:featuredmedia":[{"embeddable":true,"href":"https:\/\/shop.auderset.com\/de\/wp-json\/wp\/v2\/media\/29889"}],"wp:attachment":[{"href":"https:\/\/shop.auderset.com\/de\/wp-json\/wp\/v2\/media?parent=30266"}],"wp:term":[{"taxonomy":"product_brand","embeddable":true,"href":"https:\/\/shop.auderset.com\/de\/wp-json\/wp\/v2\/product_brand?post=30266"},{"taxonomy":"product_cat","embeddable":true,"href":"https:\/\/shop.auderset.com\/de\/wp-json\/wp\/v2\/product_cat?post=30266"},{"taxonomy":"product_tag","embeddable":true,"href":"https:\/\/shop.auderset.com\/de\/wp-json\/wp\/v2\/product_tag?post=30266"}],"curies":[{"name":"wp","href":"https:\/\/api.w.org\/{rel}","templated":true}]}}