{"id":30108,"date":"2020-09-15T18:02:07","date_gmt":"2020-09-15T16:02:07","guid":{"rendered":"https:\/\/shop.auderset.com\/?post_type=product&#038;p=30108"},"modified":"2023-10-02T13:59:53","modified_gmt":"2023-10-02T11:59:53","slug":"willy-grunch-2-edition-collector","status":"publish","type":"product","link":"https:\/\/shop.auderset.com\/de\/produit\/willy-grunch-2-edition-collector\/","title":{"rendered":"Willy Grunch 2 (\u00e9dition Collector)"},"content":{"rendered":"<p><span style=\"font-size: 12pt;\">Notre soci\u00e9t\u00e9 ne sait plus o\u00f9 elle en est, appelant souvent BIEN ce qui est MAL et invers\u00e9ment. Ce brave Willy nous remet bien en question sur ce sujet.<\/span><\/p>\n<p><span style=\"font-size: 12pt;\">Le coeur de cette BD est constitu\u00e9 d&#8217;une histoire fantastique qui d\u00e9peint la rencontre entre Dieu et Willy&#8230; Une \u00e9vocation saisissante, tant par la force du graphisme que du message.<\/span><\/p>\n","protected":false},"excerpt":{"rendered":"<p>Notre soci\u00e9t\u00e9 ne sait plus o\u00f9 elle en est, appelant souvent BIEN ce qui est MAL et invers\u00e9ment. Ce brave Willy nous remet bien en question sur ce sujet. Le coeur de cette BD est constitu\u00e9 d&#8217;une histoire fantastique qui d\u00e9peint la rencontre entre Dieu et Willy&#8230; Une \u00e9vocation saisissante, tant par la force du [&hellip;]<\/p>\n","protected":false},"featured_media":30435,"comment_status":"open","ping_status":"closed","template":"","meta":[],"product_brand":[],"product_cat":[138,139],"product_tag":[],"class_list":{"0":"post-30108","1":"product","2":"type-product","3":"status-publish","4":"has-post-thumbnail","6":"product_cat-collectors","7":"product_cat-willy-grunch-collectors","8":"product_shipping_class-livraison-gratuite","9":"pa_prix-collectors-prix-normal-200-chf-180-eur","10":"pa_prix-collectors-prix-soutien-300-chf-270-eur","11":"pa_prix-collectors-prix-super-soutien-400-chf-360-eur","13":"first","14":"instock","15":"taxable","16":"shipping-taxable","17":"purchasable","18":"product-type-variable"},"_links":{"self":[{"href":"https:\/\/shop.auderset.com\/de\/wp-json\/wp\/v2\/product\/30108","targetHints":{"allow":["GET"]}}],"collection":[{"href":"https:\/\/shop.auderset.com\/de\/wp-json\/wp\/v2\/product"}],"about":[{"href":"https:\/\/shop.auderset.com\/de\/wp-json\/wp\/v2\/types\/product"}],"replies":[{"embeddable":true,"href":"https:\/\/shop.auderset.com\/de\/wp-json\/wp\/v2\/comments?post=30108"}],"wp:featuredmedia":[{"embeddable":true,"href":"https:\/\/shop.auderset.com\/de\/wp-json\/wp\/v2\/media\/30435"}],"wp:attachment":[{"href":"https:\/\/shop.auderset.com\/de\/wp-json\/wp\/v2\/media?parent=30108"}],"wp:term":[{"taxonomy":"product_brand","embeddable":true,"href":"https:\/\/shop.auderset.com\/de\/wp-json\/wp\/v2\/product_brand?post=30108"},{"taxonomy":"product_cat","embeddable":true,"href":"https:\/\/shop.auderset.com\/de\/wp-json\/wp\/v2\/product_cat?post=30108"},{"taxonomy":"product_tag","embeddable":true,"href":"https:\/\/shop.auderset.com\/de\/wp-json\/wp\/v2\/product_tag?post=30108"}],"curies":[{"name":"wp","href":"https:\/\/api.w.org\/{rel}","templated":true}]}}