{"id":29364,"date":"2020-07-08T17:05:35","date_gmt":"2020-07-08T15:05:35","guid":{"rendered":"https:\/\/shop.auderset.com\/?post_type=product&#038;p=29364"},"modified":"2023-10-23T07:55:58","modified_gmt":"2023-10-23T05:55:58","slug":"marcel-2-les-vacances-de-marcel","status":"publish","type":"product","link":"https:\/\/shop.auderset.com\/de\/produit\/marcel-2-les-vacances-de-marcel\/","title":{"rendered":"Marcel 2 &#8211; Les vacances de Marcel"},"content":{"rendered":"<p>Le soleil, la plage, la mer, l\u2019Espagne, les jolies filles, la po\u00e9sie, l\u2019humour&#8230; tout respire la joie de<br \/>\nvivre.<\/p>\n<p>Un parfait m\u00e9lange de paysages exotiques idylliques, de po\u00e9sie et d\u2019humour d\u00e9cal\u00e9.<\/p>\n<p>C\u2019est dans leur rep\u00e8re (un escargot mobile en bois) que tout va changer pour Marcel et sa bande : ils sont boulevers\u00e9s par un enfant qu\u2019ils voient mourir de faim \u00e0 la t\u00e9l\u00e9.<\/p>\n","protected":false},"excerpt":{"rendered":"<p>Le soleil, la plage, la mer, l\u2019Espagne, les jolies filles, la po\u00e9sie, l\u2019humour&#8230; tout respire la joie de vivre. Un parfait m\u00e9lange de paysages exotiques idylliques, de po\u00e9sie et d\u2019humour d\u00e9cal\u00e9. C\u2019est dans leur rep\u00e8re (un escargot mobile en bois) que tout va changer pour Marcel et sa bande : ils sont boulevers\u00e9s par un [&hellip;]<\/p>\n","protected":false},"featured_media":29716,"comment_status":"open","ping_status":"closed","template":"","meta":[],"product_brand":[],"product_cat":[88,95],"product_tag":[],"class_list":{"0":"post-29364","1":"product","2":"type-product","3":"status-publish","4":"has-post-thumbnail","6":"product_cat-bandes-dessinees","7":"product_cat-marcel","8":"pa_prix-bandes-dessinees-prix-normal-24-chf-18-eur","9":"pa_prix-bandes-dessinees-prix-soutien-36-chf-27-eur","10":"pa_prix-bandes-dessinees-prix-super-soutien-48-chf-36-eur","12":"first","13":"instock","14":"taxable","15":"shipping-taxable","16":"purchasable","17":"product-type-variable"},"_links":{"self":[{"href":"https:\/\/shop.auderset.com\/de\/wp-json\/wp\/v2\/product\/29364","targetHints":{"allow":["GET"]}}],"collection":[{"href":"https:\/\/shop.auderset.com\/de\/wp-json\/wp\/v2\/product"}],"about":[{"href":"https:\/\/shop.auderset.com\/de\/wp-json\/wp\/v2\/types\/product"}],"replies":[{"embeddable":true,"href":"https:\/\/shop.auderset.com\/de\/wp-json\/wp\/v2\/comments?post=29364"}],"wp:featuredmedia":[{"embeddable":true,"href":"https:\/\/shop.auderset.com\/de\/wp-json\/wp\/v2\/media\/29716"}],"wp:attachment":[{"href":"https:\/\/shop.auderset.com\/de\/wp-json\/wp\/v2\/media?parent=29364"}],"wp:term":[{"taxonomy":"product_brand","embeddable":true,"href":"https:\/\/shop.auderset.com\/de\/wp-json\/wp\/v2\/product_brand?post=29364"},{"taxonomy":"product_cat","embeddable":true,"href":"https:\/\/shop.auderset.com\/de\/wp-json\/wp\/v2\/product_cat?post=29364"},{"taxonomy":"product_tag","embeddable":true,"href":"https:\/\/shop.auderset.com\/de\/wp-json\/wp\/v2\/product_tag?post=29364"}],"curies":[{"name":"wp","href":"https:\/\/api.w.org\/{rel}","templated":true}]}}