{"id":28937,"date":"2020-07-22T16:04:11","date_gmt":"2020-07-22T14:04:11","guid":{"rendered":"http:\/\/lnbaabgnm.preview.infomaniak.website\/?post_type=product&#038;p=28937"},"modified":"2023-10-10T10:08:48","modified_gmt":"2023-10-10T08:08:48","slug":"rendez-vous-dans-la-foret-1","status":"publish","type":"product","link":"https:\/\/shop.auderset.com\/de\/produit\/rendez-vous-dans-la-foret-1\/","title":{"rendered":"Rendez-vous dans la for\u00eat 1"},"content":{"rendered":"<p align=\"LEFT\">Cet ouvrage regroupe les meilleures lettres de nouvelles d\u2019Alain Auderset sorties \u00e0 ce jour, abondamment illustr\u00e9es de photos et d\u2019illustrations pour la plupart in\u00e9dites.<\/p>\n<p align=\"LEFT\">\u00c0 force de fr\u00e9quenter son ami le Cr\u00e9ateur, Alain transporte \u00e0 son insu des effluves du paradis&#8230; Paradoxalement, le livre nous plonge aussi par instants dans les sombres \u00e9preuves que la vie n\u2019a pas \u00e9pargn\u00e9es \u00e0 l\u2019auteur.<\/p>\n<p align=\"LEFT\"><a href=\"https:\/\/mailchi.mp\/b47e32adaf86\/extrait-gratuit-rendez-vous-dans-la-foret\"><img fetchpriority=\"high\" decoding=\"async\" class=\"alignnone size-medium wp-image-33094\" src=\"https:\/\/shop.auderset.com\/wp-content\/uploads\/2022\/03\/80p-rdvf1-300x275.png\" alt=\"\" width=\"300\" height=\"275\" srcset=\"https:\/\/shop.auderset.com\/wp-content\/uploads\/2022\/03\/80p-rdvf1-300x275.png 300w, https:\/\/shop.auderset.com\/wp-content\/uploads\/2022\/03\/80p-rdvf1-324x296.png 324w, https:\/\/shop.auderset.com\/wp-content\/uploads\/2022\/03\/80p-rdvf1-416x381.png 416w, https:\/\/shop.auderset.com\/wp-content\/uploads\/2022\/03\/80p-rdvf1-768x703.png 768w, https:\/\/shop.auderset.com\/wp-content\/uploads\/2022\/03\/80p-rdvf1-500x458.png 500w, https:\/\/shop.auderset.com\/wp-content\/uploads\/2022\/03\/80p-rdvf1-501x458.png 501w, https:\/\/shop.auderset.com\/wp-content\/uploads\/2022\/03\/80p-rdvf1-66x60.png 66w, https:\/\/shop.auderset.com\/wp-content\/uploads\/2022\/03\/80p-rdvf1-98x90.png 98w, https:\/\/shop.auderset.com\/wp-content\/uploads\/2022\/03\/80p-rdvf1.png 800w\" sizes=\"(max-width: 300px) 100vw, 300px\" \/><\/a><\/p>\n<p align=\"LEFT\">Lire les 80 premi\u00e8re pages gratuitement -&gt; <strong><span style=\"color: #3366ff;\"><a style=\"color: #3366ff;\" href=\"https:\/\/mailchi.mp\/b47e32adaf86\/extrait-gratuit-rendez-vous-dans-la-foret\">Ici<\/a><\/span><\/strong><\/p>\n","protected":false},"excerpt":{"rendered":"<p>Cet ouvrage regroupe les meilleures lettres de nouvelles d\u2019Alain Auderset sorties \u00e0 ce jour, abondamment illustr\u00e9es de photos et d\u2019illustrations pour la plupart in\u00e9dites. \u00c0 force de fr\u00e9quenter son ami le Cr\u00e9ateur, Alain transporte \u00e0 son insu des effluves du paradis&#8230; Paradoxalement, le livre nous plonge aussi par instants dans les sombres \u00e9preuves que la [&hellip;]<\/p>\n","protected":false},"featured_media":29463,"comment_status":"closed","ping_status":"closed","template":"","meta":[],"product_brand":[],"product_cat":[24,44],"product_tag":[],"class_list":{"0":"post-28937","1":"product","2":"type-product","3":"status-publish","4":"has-post-thumbnail","6":"product_cat-livres","7":"product_cat-rendez-vous-dans-la-foret","8":"product_shipping_class-livraison-suisse","9":"pa_prix-livre-prix-normal-29-chf-25-eur","10":"pa_prix-livre-prix-soutien-44-chf-37-eur","11":"pa_prix-livre-prix-super-soutien-58-chf-50-eur","13":"first","14":"instock","15":"taxable","16":"shipping-taxable","17":"purchasable","18":"product-type-variable"},"_links":{"self":[{"href":"https:\/\/shop.auderset.com\/de\/wp-json\/wp\/v2\/product\/28937","targetHints":{"allow":["GET"]}}],"collection":[{"href":"https:\/\/shop.auderset.com\/de\/wp-json\/wp\/v2\/product"}],"about":[{"href":"https:\/\/shop.auderset.com\/de\/wp-json\/wp\/v2\/types\/product"}],"replies":[{"embeddable":true,"href":"https:\/\/shop.auderset.com\/de\/wp-json\/wp\/v2\/comments?post=28937"}],"wp:featuredmedia":[{"embeddable":true,"href":"https:\/\/shop.auderset.com\/de\/wp-json\/wp\/v2\/media\/29463"}],"wp:attachment":[{"href":"https:\/\/shop.auderset.com\/de\/wp-json\/wp\/v2\/media?parent=28937"}],"wp:term":[{"taxonomy":"product_brand","embeddable":true,"href":"https:\/\/shop.auderset.com\/de\/wp-json\/wp\/v2\/product_brand?post=28937"},{"taxonomy":"product_cat","embeddable":true,"href":"https:\/\/shop.auderset.com\/de\/wp-json\/wp\/v2\/product_cat?post=28937"},{"taxonomy":"product_tag","embeddable":true,"href":"https:\/\/shop.auderset.com\/de\/wp-json\/wp\/v2\/product_tag?post=28937"}],"curies":[{"name":"wp","href":"https:\/\/api.w.org\/{rel}","templated":true}]}}